{"id":10285,"date":"2015-07-23T21:37:40","date_gmt":"2015-07-23T19:37:40","guid":{"rendered":"http:\/\/www.rxinventory.net\/de\/?page_id=10285"},"modified":"2016-06-09T12:19:54","modified_gmt":"2016-06-09T10:19:54","slug":"imprint","status":"publish","type":"page","link":"https:\/\/www.rxinventory.net\/de\/imprint\/","title":{"rendered":"Impressum"},"content":{"rendered":"<p>[et_pb_section admin_label=&#8221;Section&#8221; fullwidth=&#8221;off&#8221; specialty=&#8221;off&#8221;][et_pb_row admin_label=&#8221;row&#8221; make_fullwidth=&#8221;off&#8221; use_custom_width=&#8221;off&#8221; width_unit=&#8221;on&#8221; use_custom_gutter=&#8221;on&#8221; padding_mobile=&#8221;off&#8221; allow_player_pause=&#8221;off&#8221; parallax=&#8221;off&#8221; parallax_method=&#8221;off&#8221; make_equal=&#8221;off&#8221; custom_css_main_element=&#8221;border-bottom: 1px solid #aaaaaa;&#8221; gutter_width=&#8221;1&#8243;][et_pb_column type=&#8221;1_4&#8243;][et_pb_text admin_label=&#8221;Rubinox&#8221; background_layout=&#8221;light&#8221; text_orientation=&#8221;left&#8221; use_border_color=&#8221;off&#8221; border_color=&#8221;#ffffff&#8221; border_style=&#8221;solid&#8221; text_font=&#8221;|on|||&#8221;] Rubinox GmbH [\/et_pb_text][\/et_pb_column][et_pb_column type=&#8221;3_4&#8243;][et_pb_text admin_label=&#8221;Content&#8221; background_layout=&#8221;light&#8221; text_orientation=&#8221;left&#8221; use_border_color=&#8221;off&#8221; border_color=&#8221;#ffffff&#8221; border_style=&#8221;solid&#8221;]<\/p>\n<p>Bavariastra\u00dfe 12 d<br \/>80336 M\u00fcnchen<br \/>Deutschland<\/p>\n<p><span class=\"rxTab\">Tel.:<\/span>+49 89 58 80 30 12 &#8211; 0<br \/><span class=\"rxTab\">Fax:<\/span>+49 89 58 80 30 12 &#8211; 9<br \/><span class=\"rxTab\">E-Mail:<\/span><a class=\"mail\" title=\"\u00d6ffnet neues E-Mail Nachrichtenfenster\" href=\"mailto:contact@rubinox.com\">contact@rubinox.com<\/a><\/p>\n<p>[\/et_pb_text][\/et_pb_column][\/et_pb_row][et_pb_row admin_label=&#8221;row&#8221; make_fullwidth=&#8221;off&#8221; use_custom_width=&#8221;off&#8221; width_unit=&#8221;on&#8221; use_custom_gutter=&#8221;on&#8221; padding_mobile=&#8221;off&#8221; allow_player_pause=&#8221;off&#8221; parallax=&#8221;off&#8221; parallax_method=&#8221;off&#8221; make_equal=&#8221;off&#8221; custom_css_main_element=&#8221;border-bottom: 1px solid #aaaaaa;&#8221; gutter_width=&#8221;1&#8243;][et_pb_column type=&#8221;1_4&#8243;][et_pb_text admin_label=&#8221;Management&#8221; background_layout=&#8221;light&#8221; text_orientation=&#8221;left&#8221; use_border_color=&#8221;off&#8221; border_color=&#8221;#ffffff&#8221; border_style=&#8221;solid&#8221; text_font=&#8221;|on|||&#8221;] Gesch\u00e4ftsf\u00fchrung: [\/et_pb_text][\/et_pb_column][et_pb_column type=&#8221;3_4&#8243;][et_pb_text admin_label=&#8221;Content&#8221; background_layout=&#8221;light&#8221; text_orientation=&#8221;left&#8221; use_border_color=&#8221;off&#8221; border_color=&#8221;#ffffff&#8221; border_style=&#8221;solid&#8221;] Dipl.-Ing. Werner Biebl \/ Michael Brinkmann [\/et_pb_text][\/et_pb_column][\/et_pb_row][et_pb_row admin_label=&#8221;row&#8221; make_fullwidth=&#8221;off&#8221; use_custom_width=&#8221;off&#8221; width_unit=&#8221;on&#8221; use_custom_gutter=&#8221;on&#8221; padding_mobile=&#8221;off&#8221; allow_player_pause=&#8221;off&#8221; parallax=&#8221;off&#8221; parallax_method=&#8221;off&#8221; make_equal=&#8221;off&#8221; custom_css_main_element=&#8221;border-bottom: 1px solid #aaaaaa;&#8221; gutter_width=&#8221;1&#8243;][et_pb_column type=&#8221;1_4&#8243;][et_pb_text admin_label=&#8221;Registrar&#8221; background_layout=&#8221;light&#8221; text_orientation=&#8221;left&#8221; use_border_color=&#8221;off&#8221; border_color=&#8221;#ffffff&#8221; border_style=&#8221;solid&#8221; text_font=&#8221;|on|||&#8221;] Registergericht: [\/et_pb_text][\/et_pb_column][et_pb_column type=&#8221;3_4&#8243;][et_pb_text admin_label=&#8221;Content&#8221; background_layout=&#8221;light&#8221; text_orientation=&#8221;left&#8221; use_border_color=&#8221;off&#8221; border_color=&#8221;#ffffff&#8221; border_style=&#8221;solid&#8221;] Registergericht M\u00fcnchen [\/et_pb_text][\/et_pb_column][\/et_pb_row][et_pb_row admin_label=&#8221;row&#8221; make_fullwidth=&#8221;off&#8221; use_custom_width=&#8221;off&#8221; width_unit=&#8221;on&#8221; use_custom_gutter=&#8221;on&#8221; padding_mobile=&#8221;off&#8221; allow_player_pause=&#8221;off&#8221; parallax=&#8221;off&#8221; parallax_method=&#8221;off&#8221; make_equal=&#8221;off&#8221; custom_css_main_element=&#8221;border-bottom: 1px solid #aaaaaa;&#8221; gutter_width=&#8221;1&#8243;][et_pb_column type=&#8221;1_4&#8243;][et_pb_text admin_label=&#8221;Registration&#8221; background_layout=&#8221;light&#8221; text_orientation=&#8221;left&#8221; use_border_color=&#8221;off&#8221; border_color=&#8221;#ffffff&#8221; border_style=&#8221;solid&#8221; text_font=&#8221;|on|||&#8221;] Registernummer: [\/et_pb_text][\/et_pb_column][et_pb_column type=&#8221;3_4&#8243;][et_pb_text admin_label=&#8221;Content&#8221; background_layout=&#8221;light&#8221; text_orientation=&#8221;left&#8221; use_border_color=&#8221;off&#8221; border_color=&#8221;#ffffff&#8221; border_style=&#8221;solid&#8221;] HRB 167023 [\/et_pb_text][\/et_pb_column][\/et_pb_row][et_pb_row admin_label=&#8221;row&#8221; make_fullwidth=&#8221;off&#8221; use_custom_width=&#8221;off&#8221; width_unit=&#8221;on&#8221; use_custom_gutter=&#8221;on&#8221; padding_mobile=&#8221;off&#8221; allow_player_pause=&#8221;off&#8221; parallax=&#8221;off&#8221; parallax_method=&#8221;off&#8221; make_equal=&#8221;off&#8221; custom_css_main_element=&#8221;border-bottom: 1px solid #aaaaaa;&#8221; gutter_width=&#8221;1&#8243;][et_pb_column type=&#8221;1_4&#8243;][et_pb_text admin_label=&#8221;VAT&#8221; background_layout=&#8221;light&#8221; text_orientation=&#8221;left&#8221; use_border_color=&#8221;off&#8221; border_color=&#8221;#ffffff&#8221; border_style=&#8221;solid&#8221; text_font=&#8221;|on|||&#8221;] <code><\/code><code><\/code>Umsatzsteuer-Identifikationsnummer:<code><\/code><code><\/code><code><\/code><code><\/code> [\/et_pb_text][\/et_pb_column][et_pb_column type=&#8221;3_4&#8243;][et_pb_text admin_label=&#8221;Content&#8221; background_layout=&#8221;light&#8221; text_orientation=&#8221;left&#8221; use_border_color=&#8221;off&#8221; border_color=&#8221;#ffffff&#8221; border_style=&#8221;solid&#8221;] DE 253 313 558 [\/et_pb_text][\/et_pb_column][\/et_pb_row][et_pb_row admin_label=&#8221;row&#8221; make_fullwidth=&#8221;off&#8221; use_custom_width=&#8221;off&#8221; width_unit=&#8221;on&#8221; use_custom_gutter=&#8221;on&#8221; padding_mobile=&#8221;off&#8221; allow_player_pause=&#8221;off&#8221; parallax=&#8221;off&#8221; parallax_method=&#8221;off&#8221; make_equal=&#8221;off&#8221; custom_css_main_element=&#8221;border-bottom: 1px solid #aaaaaa;&#8221; gutter_width=&#8221;1&#8243;][et_pb_column type=&#8221;1_4&#8243;][et_pb_text admin_label=&#8221;Responsible&#8221; background_layout=&#8221;light&#8221; text_orientation=&#8221;left&#8221; use_border_color=&#8221;off&#8221; border_color=&#8221;#ffffff&#8221; border_style=&#8221;solid&#8221; text_font=&#8221;|on|||&#8221;] Inhaltlich verantwortlich: [\/et_pb_text][\/et_pb_column][et_pb_column type=&#8221;3_4&#8243;][et_pb_text admin_label=&#8221;Content&#8221; background_layout=&#8221;light&#8221; text_orientation=&#8221;left&#8221; use_border_color=&#8221;off&#8221; border_color=&#8221;#ffffff&#8221; border_style=&#8221;solid&#8221;] Rubinox GmbH [\/et_pb_text][\/et_pb_column][\/et_pb_row][et_pb_row admin_label=&#8221;row&#8221; make_fullwidth=&#8221;off&#8221; use_custom_width=&#8221;off&#8221; width_unit=&#8221;on&#8221; use_custom_gutter=&#8221;on&#8221; padding_mobile=&#8221;off&#8221; allow_player_pause=&#8221;off&#8221; parallax=&#8221;off&#8221; parallax_method=&#8221;off&#8221; make_equal=&#8221;off&#8221; custom_css_main_element=&#8221;border-bottom: 1px solid #aaaaaa;&#8221; gutter_width=&#8221;1&#8243;][et_pb_column type=&#8221;1_4&#8243;][et_pb_text admin_label=&#8221;Complaints Procedure&#8221; background_layout=&#8221;light&#8221; text_orientation=&#8221;left&#8221; use_border_color=&#8221;off&#8221; border_color=&#8221;#ffffff&#8221; border_style=&#8221;solid&#8221; text_font=&#8221;|on|||&#8221;]<\/p>\n<p>Beschwerdeverfahren:<\/p>\n<p>[\/et_pb_text][\/et_pb_column][et_pb_column type=&#8221;3_4&#8243;][et_pb_text admin_label=&#8221;Content&#8221; background_layout=&#8221;light&#8221; text_orientation=&#8221;left&#8221; use_border_color=&#8221;off&#8221; border_color=&#8221;#ffffff&#8221; border_style=&#8221;solid&#8221;]<\/p>\n<p>Online-Streitbeilegung gem\u00e4\u00df Art. 14 Abs. 1 ODR-VO: Die Europ\u00e4ische Kommission stellt eine Plattform zur Online-Streitbeilegung (OS) bereit, die Sie unter <a href=\"http:\/\/ec.europa.eu\/consumers\/odr\/\">http:\/\/ec.europa.eu\/consumers\/odr\/<\/a> finden.<\/p>\n<p>[\/et_pb_text][\/et_pb_column][\/et_pb_row][et_pb_row admin_label=&#8221;row&#8221; make_fullwidth=&#8221;off&#8221; use_custom_width=&#8221;off&#8221; width_unit=&#8221;on&#8221; use_custom_gutter=&#8221;on&#8221; padding_mobile=&#8221;off&#8221; allow_player_pause=&#8221;off&#8221; parallax=&#8221;off&#8221; parallax_method=&#8221;off&#8221; make_equal=&#8221;off&#8221; gutter_width=&#8221;1&#8243;][et_pb_column type=&#8221;1_4&#8243;][et_pb_text admin_label=&#8221;Design&#8221; background_layout=&#8221;light&#8221; text_orientation=&#8221;left&#8221; use_border_color=&#8221;off&#8221; border_color=&#8221;#ffffff&#8221; border_style=&#8221;solid&#8221; text_font=&#8221;|on|||&#8221;] Design und Entwicklung: [\/et_pb_text][\/et_pb_column][et_pb_column type=&#8221;3_4&#8243;][et_pb_text admin_label=&#8221;Content&#8221; background_layout=&#8221;light&#8221; text_orientation=&#8221;left&#8221; use_border_color=&#8221;off&#8221; border_color=&#8221;#ffffff&#8221; border_style=&#8221;solid&#8221;] Rubinox GmbH [\/et_pb_text][\/et_pb_column][\/et_pb_row][\/et_pb_section]<\/p>\n","protected":false},"excerpt":{"rendered":"<p>Rubinox GmbH Bavariastra\u00dfe 12 d80336 M\u00fcnchenDeutschlandTel.:+49 89 58 80 30 12 &#8211; 0Fax:+49 89 58 80 30 12 &#8211; 9E-Mail:contact@rubinox.com Gesch\u00e4ftsf\u00fchrung: Dipl.-Ing. Werner Biebl \/ Michael Brinkmann Registergericht: Registergericht M\u00fcnchen Registernummer: HRB 167023 Umsatzsteuer-Identifikationsnummer: DE 253 313 558 Inhaltlich verantwortlich: Rubinox GmbH Beschwerdeverfahren:Online-Streitbeilegung gem\u00e4\u00df Art. 14 Abs. 1 ODR-VO: Die Europ\u00e4ische Kommission stellt eine Plattform [&hellip;]<\/p>\n","protected":false},"author":1,"featured_media":0,"parent":0,"menu_order":4,"comment_status":"open","ping_status":"open","template":"","meta":{"_et_pb_use_builder":"on","_et_pb_old_content":"","_et_gb_content_width":"","footnotes":""},"class_list":["post-10285","page","type-page","status-publish","hentry"],"_links":{"self":[{"href":"https:\/\/www.rxinventory.net\/de\/wp-json\/wp\/v2\/pages\/10285","targetHints":{"allow":["GET"]}}],"collection":[{"href":"https:\/\/www.rxinventory.net\/de\/wp-json\/wp\/v2\/pages"}],"about":[{"href":"https:\/\/www.rxinventory.net\/de\/wp-json\/wp\/v2\/types\/page"}],"author":[{"embeddable":true,"href":"https:\/\/www.rxinventory.net\/de\/wp-json\/wp\/v2\/users\/1"}],"replies":[{"embeddable":true,"href":"https:\/\/www.rxinventory.net\/de\/wp-json\/wp\/v2\/comments?post=10285"}],"version-history":[{"count":0,"href":"https:\/\/www.rxinventory.net\/de\/wp-json\/wp\/v2\/pages\/10285\/revisions"}],"wp:attachment":[{"href":"https:\/\/www.rxinventory.net\/de\/wp-json\/wp\/v2\/media?parent=10285"}],"curies":[{"name":"wp","href":"https:\/\/api.w.org\/{rel}","templated":true}]}}